{"id":72,"date":"2019-07-07T23:41:50","date_gmt":"2019-07-07T21:41:50","guid":{"rendered":"http:\/\/www.fussballnord.at\/fbn\/?page_id=72"},"modified":"2026-04-15T13:59:17","modified_gmt":"2026-04-15T11:59:17","slug":"funktionaere-hg-nord","status":"publish","type":"page","link":"https:\/\/www.fussballnord.at\/fbn\/funktionaere-hg-nord\/","title":{"rendered":"Funktion\u00e4re HG Nord"},"content":{"rendered":"\n<figure class=\"wp-block-table\"><table class=\"has-fixed-layout\"><tbody><tr><td><strong>Franz Tr\u00f6tzm\u00fcller<\/strong><br><strong>Hauptgruppenobmann<\/strong><br>troetzi@outlook.com<br>0676 4851733<\/td><td><strong>Manfred Glasl<br>HG Obmann Stellvertreter<\/strong><br>marbet@aon.at<br>0676 4329666<\/td><td><strong>Johann Prikowitsch<br>HG Obmann Stellvertreter<\/strong><br>johann.prikowitsch@aon.at<br>0676 889061206<\/td><\/tr><tr><td><strong>Manfred Cermak<br>Schriftf\u00fchrer <\/strong><br>m<a href=\"mailto:cermak@fussballnord.at\">cermak@<\/a>gmx.at<br>0664 5422245<\/td><td><strong>J\u00fcrgen Roob<br>Schriftf\u00fchrer Stellvertreter<\/strong><br><a href=\"mailto:juergen.roob@r-it.at\">juergen.roob@r-it.at<\/a><br>0664 88773175<\/td><td><strong>Johann<\/strong><br><strong>Bauer<br>Kassier<\/strong><br>johann.bauer.2901@icloud.com<br>+43 670 505 60 50<\/td><\/tr><tr><td><strong>Monika Weinhofer \u2013 Jaderka<\/strong><br><strong>Kassier Stellvertreter<br><\/strong><br>0676 6456760<br>monika.jaderka@gmail.com<\/td><td><strong>Gerald Bauer<br>Rechnungspr\u00fcfer <\/strong><br>bauerg@fussballnord.at<br>0676 889061427<\/td><td><strong>Rudolf Bauer<br>Rechnungspr\u00fcfer<\/strong><br>rudolfba53@gmail.com<br>0676 9373411<\/td><\/tr><tr><td><strong>Regina Wimmer<br>Frauenreferentin HG Nord<br>M\u00e4dchenreferentin JHG Nord<\/strong><br>r.<a href=\"mailto:wimmer@fussballnord.at\" target=\"_blank\" rel=\"noreferrer noopener\">wimmer@<\/a>atb-wt.at<br>0699 10505265<\/td><td><strong>Gerhard Polsterer<br>Vorsitzender Frauenfu\u00dfballausschuss<\/strong><br>gerhard.polsterer@gmail.com<br>0676 889061424<\/td><td><strong>Gerald Seizer<br>Gruppenleiter SG Nord<\/strong><br>schirigeri@gmx.at<br>0676 5353782<\/td><\/tr><tr><td><strong>Roman Kattner<br>\u00d6ffentlichkeitsreferent HG Nord<br>Mitglied Strafausschuss<\/strong><br>romankattner@gmail.com<br>0676 889062564<\/td><td><strong><strong>Gerhard Polsterer<br>Beisitzer<\/strong><br><strong>Viktor Jirku<br>Beisitzer<br>Maximilian Mekul<br>Beisitzer<br>Ernst Weninger<br>Beisitzer<\/strong><\/strong><\/td><td><\/td><\/tr><tr><td><\/td><td><\/td><td><\/td><\/tr><\/tbody><\/table><\/figure>\n\n\n\n<div class=\"wp-block-columns is-layout-flex wp-container-core-columns-is-layout-9d6595d7 wp-block-columns-is-layout-flex\">\n<div class=\"wp-block-column is-layout-flow wp-block-column-is-layout-flow\">\n<p><\/p>\n\n\n\n<p><\/p>\n\n\n\n<p><\/p>\n<\/div>\n<\/div>\n\n\n\n<p class=\"has-small-font-size\"><\/p>\n","protected":false},"excerpt":{"rendered":"<p>Franz Tr\u00f6tzm\u00fcllerHauptgruppenobmanntroetzi@outlook.com0676 4851733 Manfred GlaslHG Obmann Stellvertretermarbet@aon.at0676 4329666 Johann PrikowitschHG Obmann Stellvertreterjohann.prikowitsch@aon.at0676 889061206 Manfred CermakSchriftf\u00fchrer mcermak@gmx.at0664 5422245 J\u00fcrgen RoobSchriftf\u00fchrer Stellvertreterjuergen.roob@r-it.at0664 88773175 JohannBauerKassierjohann.bauer.2901@icloud.com+43 670 505 60 50 Monika Weinhofer \u2013 JaderkaKassier Stellvertreter0676 6456760monika.jaderka@gmail.com Gerald BauerRechnungspr\u00fcfer bauerg@fussballnord.at0676 &hellip;<\/p>\n","protected":false},"author":3,"featured_media":0,"parent":0,"menu_order":0,"comment_status":"closed","ping_status":"closed","template":"template-fullwidth.php","meta":{"footnotes":""},"class_list":["post-72","page","type-page","status-publish","hentry"],"_links":{"self":[{"href":"https:\/\/www.fussballnord.at\/fbn\/wp-json\/wp\/v2\/pages\/72","targetHints":{"allow":["GET"]}}],"collection":[{"href":"https:\/\/www.fussballnord.at\/fbn\/wp-json\/wp\/v2\/pages"}],"about":[{"href":"https:\/\/www.fussballnord.at\/fbn\/wp-json\/wp\/v2\/types\/page"}],"author":[{"embeddable":true,"href":"https:\/\/www.fussballnord.at\/fbn\/wp-json\/wp\/v2\/users\/3"}],"replies":[{"embeddable":true,"href":"https:\/\/www.fussballnord.at\/fbn\/wp-json\/wp\/v2\/comments?post=72"}],"version-history":[{"count":46,"href":"https:\/\/www.fussballnord.at\/fbn\/wp-json\/wp\/v2\/pages\/72\/revisions"}],"predecessor-version":[{"id":2056,"href":"https:\/\/www.fussballnord.at\/fbn\/wp-json\/wp\/v2\/pages\/72\/revisions\/2056"}],"wp:attachment":[{"href":"https:\/\/www.fussballnord.at\/fbn\/wp-json\/wp\/v2\/media?parent=72"}],"curies":[{"name":"wp","href":"https:\/\/api.w.org\/{rel}","templated":true}]}}